{"id":8360,"date":"2024-06-19T18:38:43","date_gmt":"2024-06-19T16:38:43","guid":{"rendered":"https:\/\/denkpharma.com\/b2b\/"},"modified":"2025-08-18T16:55:59","modified_gmt":"2025-08-18T14:55:59","slug":"b2b","status":"publish","type":"page","link":"https:\/\/www.denkpharma.com\/de\/b2b\/","title":{"rendered":"B2B"},"content":{"rendered":"\t\t<div data-elementor-type=\"wp-page\" data-elementor-id=\"8360\" class=\"elementor elementor-8360 elementor-8351\" data-elementor-post-type=\"page\">\n\t\t\t\t<div class=\"elementor-element elementor-element-889ae8d e-flex e-con-boxed e-con e-parent\" data-id=\"889ae8d\" data-element_type=\"container\" data-e-type=\"container\" data-settings=\"{&quot;background_background&quot;:&quot;classic&quot;,&quot;_is_slider_enabled&quot;:&quot;no&quot;}\">\n\t\t\t\t\t<div class=\"e-con-inner\">\n\t\t\t\t\t<\/div>\n\t\t\t\t<\/div>\n\t\t<div class=\"elementor-element elementor-element-0d7625b e-flex e-con-boxed e-con e-parent\" data-id=\"0d7625b\" data-element_type=\"container\" data-e-type=\"container\" data-settings=\"{&quot;_is_slider_enabled&quot;:&quot;no&quot;}\">\n\t\t\t\t\t<div class=\"e-con-inner\">\n\t\t\t\t<div class=\"elementor-element elementor-element-00a7554 elementor-widget__width-initial elementor-widget elementor-widget-heading\" data-id=\"00a7554\" data-element_type=\"widget\" data-e-type=\"widget\" data-widget_type=\"heading.default\">\n\t\t\t\t\t<h1 class=\"elementor-heading-title elementor-size-default\">B2B Anfragen<\/h1>\t\t\t\t<\/div>\n\t\t\t\t<div class=\"elementor-element elementor-element-136decd elementor-widget elementor-widget-heading\" data-id=\"136decd\" data-element_type=\"widget\" data-e-type=\"widget\" data-widget_type=\"heading.default\">\n\t\t\t\t\t<div class=\"elementor-heading-title elementor-size-default\">Erzielen Sie mit uns Wachstum und Erfolg!<\/div>\t\t\t\t<\/div>\n\t\t\t\t\t<\/div>\n\t\t\t\t<\/div>\n\t\t<div class=\"elementor-element elementor-element-45fa73d e-flex e-con-boxed e-con e-parent\" data-id=\"45fa73d\" data-element_type=\"container\" data-e-type=\"container\" data-settings=\"{&quot;_is_slider_enabled&quot;:&quot;no&quot;}\">\n\t\t\t\t\t<div class=\"e-con-inner\">\n\t\t\t\t<div class=\"elementor-element elementor-element-525a0f9 elementor-widget elementor-widget-wpforms\" data-id=\"525a0f9\" data-element_type=\"widget\" data-e-type=\"widget\" data-widget_type=\"wpforms.default\">\n\t\t\t\t<div class=\"elementor-widget-container\">\n\t\t\t\t\t<style id=\"wpforms-css-vars-elementor-widget-525a0f9\">\n\t\t\t\t.elementor-widget-wpforms.elementor-element-525a0f9 {\n\t\t\t\t--wpforms-field-border-radius: 10px;\n--wpforms-field-background-color: #FFFFFF;\n--wpforms-field-border-color: #000000;\n--wpforms-field-border-color-spare: #000000;\n--wpforms-field-text-color: #000000;\n--wpforms-button-border-radius: 60px;\n--wpforms-button-background-color: #FFED00;\n--wpforms-button-text-color: #000000;\n--wpforms-field-size-input-height: 50px;\n--wpforms-field-size-input-spacing: 20px;\n--wpforms-field-size-font-size: 18px;\n--wpforms-field-size-line-height: 21px;\n--wpforms-field-size-padding-h: 14px;\n--wpforms-field-size-checkbox-size: 18px;\n--wpforms-field-size-sublabel-spacing: 10px;\n--wpforms-field-size-icon-size: 1.25;\n--wpforms-label-size-font-size: 18px;\n--wpforms-label-size-line-height: 21px;\n--wpforms-label-size-sublabel-font-size: 16px;\n--wpforms-label-size-sublabel-line-height: 19px;\n--wpforms-button-size-font-size: 20px;\n--wpforms-button-size-height: 48px;\n--wpforms-button-size-padding-h: 20px;\n--wpforms-button-size-margin-top: 15px;\n\t\t\t}\n\t\t\t<\/style><div class=\"wpforms-container wpforms-container-full wpforms-render-modern\" id=\"wpforms-20333\"><form id=\"wpforms-form-20333\" class=\"wpforms-validate wpforms-form wpforms-ajax-form\" data-formid=\"20333\" method=\"post\" enctype=\"multipart\/form-data\" action=\"\/de\/wp-json\/wp\/v2\/pages\/8360\" data-token=\"3d72ac5dc1a752333251d755d8eb3b7a\" data-token-time=\"1776962492\"><noscript class=\"wpforms-error-noscript\">Bitte aktiviere JavaScript in deinem Browser, um dieses Formular fertigzustellen.<\/noscript><div id=\"wpforms-error-noscript\" style=\"display: none;\">Bitte aktiviere JavaScript in deinem Browser, um dieses Formular fertigzustellen.<\/div><div class=\"wpforms-field-container\"><div id=\"wpforms-20333-field_12-container\" class=\"wpforms-field wpforms-field-text\" data-field-id=\"12\"><label class=\"wpforms-field-label\" for=\"wpforms-20333-field_12\">Betreff <span class=\"wpforms-required-label\" aria-hidden=\"true\">*<\/span><\/label><input type=\"text\" id=\"wpforms-20333-field_12\" class=\"wpforms-field-large wpforms-field-required\" name=\"wpforms[fields][12]\" placeholder=\"Betreff\" aria-errormessage=\"wpforms-20333-field_12-error\" required><\/div><div id=\"wpforms-20333-field_3-container\" class=\"wpforms-field wpforms-field-select wpforms-field-select-style-modern\" data-field-id=\"3\"><label class=\"wpforms-field-label\" for=\"wpforms-20333-field_3\">Ich bin<\/label><select id=\"wpforms-20333-field_3\" class=\"wpforms-field-large choicesjs-select\" data-size-class=\"wpforms-field-row wpforms-field-large\" data-search-enabled=\"\" name=\"wpforms[fields][3]\"><option value=\"\" class=\"placeholder\" disabled  selected='selected'>Bitte w\u00e4hlen<\/option><option value=\"Arzt\"  class=\"choice-1 depth-1\"  >Arzt<\/option><option value=\"Apotheker\"  class=\"choice-2 depth-1\"  >Apotheker<\/option><option value=\"Gro\u00dfh\u00e4ndler\"  class=\"choice-4 depth-1\"  >Gro\u00dfh\u00e4ndler<\/option><option value=\"Sonstiges\"  class=\"choice-5 depth-1\"  >Sonstiges<\/option><\/select><\/div><div id=\"wpforms-20333-field_4-container\" class=\"wpforms-field wpforms-field-name\" data-field-id=\"4\"><fieldset><legend class=\"wpforms-field-label\">Name <span class=\"wpforms-required-label\" aria-hidden=\"true\">*<\/span><\/legend><div class=\"wpforms-field-row wpforms-field-large\"><div class=\"wpforms-field-row-block wpforms-first wpforms-one-half\"><input type=\"text\" id=\"wpforms-20333-field_4\" class=\"wpforms-field-name-first wpforms-field-required\" name=\"wpforms[fields][4][first]\" placeholder=\"Vorname\" aria-errormessage=\"wpforms-20333-field_4-error\" required><label for=\"wpforms-20333-field_4\" class=\"wpforms-field-sublabel after wpforms-sublabel-hide\">Vorname<\/label><\/div><div class=\"wpforms-field-row-block wpforms-one-half\"><input type=\"text\" id=\"wpforms-20333-field_4-last\" class=\"wpforms-field-name-last wpforms-field-required\" name=\"wpforms[fields][4][last]\" placeholder=\"Nachname\" aria-errormessage=\"wpforms-20333-field_4-last-error\" required><label for=\"wpforms-20333-field_4-last\" class=\"wpforms-field-sublabel after wpforms-sublabel-hide\">Nachname<\/label><\/div><\/div><\/fieldset><\/div><div id=\"wpforms-20333-field_6-container\" class=\"wpforms-field wpforms-field-layout\" data-field-id=\"6\"><div class=\"wpforms-field-layout-rows wpforms-field-large\"><div class=\"wpforms-layout-row\"><div class=\"wpforms-layout-column wpforms-layout-column-50\"><div id=\"wpforms-20333-field_5-container\" class=\"wpforms-field wpforms-field-email\" data-field-id=\"5\"><label class=\"wpforms-field-label\" for=\"wpforms-20333-field_5\">E-Mail <span class=\"wpforms-required-label\" aria-hidden=\"true\">*<\/span><\/label><input type=\"email\" id=\"wpforms-20333-field_5\" class=\"wpforms-field-medium wpforms-field-required\" data-disable-suggestions=\"1\" name=\"wpforms[fields][5]\" placeholder=\"sender@mail.com\" spellcheck=\"false\" aria-errormessage=\"wpforms-20333-field_5-error\" required><\/div><\/div><div class=\"wpforms-layout-column wpforms-layout-column-50\"><div id=\"wpforms-20333-field_7-container\" class=\"wpforms-field wpforms-field-phone\" data-field-id=\"7\"><label class=\"wpforms-field-label\" for=\"wpforms-20333-field_7\">Telefon <span class=\"wpforms-required-label\" aria-hidden=\"true\">*<\/span><\/label><input type=\"tel\" id=\"wpforms-20333-field_7\" class=\"wpforms-field-medium wpforms-field-required wpforms-smart-phone-field\" data-rule-smart-phone-field=\"true\" name=\"wpforms[fields][7]\" placeholder=\"+49 123 456 789\" aria-label=\"Telefon\" aria-errormessage=\"wpforms-20333-field_7-error\" required><\/div><\/div><\/div><\/div><\/div>\t\t<div id=\"wpforms-20333-field_1-container\"\n\t\t\tclass=\"wpforms-field wpforms-field-text\"\n\t\t\tdata-field-type=\"text\"\n\t\t\tdata-field-id=\"1\"\n\t\t\t>\n\t\t\t<label class=\"wpforms-field-label\" for=\"wpforms-20333-field_1\" >Ein\u00adverst\u00e4ndnis\u00aderkl\u00e4rung Telefon Name<\/label>\n\t\t\t<input type=\"text\" id=\"wpforms-20333-field_1\" class=\"wpforms-field-medium\" name=\"wpforms[fields][1]\" >\n\t\t<\/div>\n\t\t<div id=\"wpforms-20333-field_8-container\" class=\"wpforms-field wpforms-field-text\" data-field-id=\"8\"><label class=\"wpforms-field-label\" for=\"wpforms-20333-field_8\">Unternehmensstandort <span class=\"wpforms-required-label\" aria-hidden=\"true\">*<\/span><\/label><input type=\"text\" id=\"wpforms-20333-field_8\" class=\"wpforms-field-large wpforms-field-required\" name=\"wpforms[fields][8]\" placeholder=\"Land\" aria-errormessage=\"wpforms-20333-field_8-error\" required><\/div><div id=\"wpforms-20333-field_9-container\" class=\"wpforms-field wpforms-field-textarea\" data-field-id=\"9\"><label class=\"wpforms-field-label\" for=\"wpforms-20333-field_9\">Beschreiben Sie Ihre Anfrage <span class=\"wpforms-required-label\" aria-hidden=\"true\">*<\/span><\/label><textarea id=\"wpforms-20333-field_9\" class=\"wpforms-field-large wpforms-field-required\" name=\"wpforms[fields][9]\" placeholder=\"Ihre Nachricht...\" aria-errormessage=\"wpforms-20333-field_9-error\" required><\/textarea><\/div><div id=\"wpforms-20333-field_10-container\" class=\"wpforms-field wpforms-field-checkbox\" data-field-id=\"10\"><fieldset><legend class=\"wpforms-field-label\">Ein\u00adverst\u00e4ndnis\u00aderkl\u00e4rung <span class=\"wpforms-required-label\" aria-hidden=\"true\">*<\/span><\/legend><ul id=\"wpforms-20333-field_10\" class=\"wpforms-field-required\" data-choice-limit=\"1\"><li class=\"choice-1 depth-1\"><input type=\"checkbox\" id=\"wpforms-20333-field_10_1\" data-rule-check-limit=\"true\" name=\"wpforms[fields][10][]\" value=\"Hiermit erkl\u00e4re ich mich einverstanden, von Denk Pharma GmbH &amp; Co. KG kontaktiert zu werden.\" aria-errormessage=\"wpforms-20333-field_10_1-error\" required ><label class=\"wpforms-field-label-inline\" for=\"wpforms-20333-field_10_1\">Hiermit erkl\u00e4re ich mich einverstanden, von Denk Pharma GmbH &amp; Co. KG kontaktiert zu werden.<\/label><\/li><\/ul><\/fieldset><\/div><div id=\"wpforms-20333-field_11-container\" class=\"wpforms-field wpforms-field-checkbox\" data-field-id=\"11\"><fieldset><legend class=\"wpforms-field-label\">Datenschutzhinweise <span class=\"wpforms-required-label\" aria-hidden=\"true\">*<\/span><\/legend><ul id=\"wpforms-20333-field_11\" class=\"wpforms-field-required\" data-choice-limit=\"1\"><li class=\"choice-1 depth-1\"><input type=\"checkbox\" id=\"wpforms-20333-field_11_1\" data-rule-check-limit=\"true\" name=\"wpforms[fields][11][]\" value=\"Ich habe die &lt;a href=&quot;\/de\/datenschutz\/&quot;&gt;Datenschutzbestimmungen&lt;\/a&gt; gelesen und stimme der Verwendung und Bearbeitung meiner Daten zu.\" aria-errormessage=\"wpforms-20333-field_11_1-error\" required ><label class=\"wpforms-field-label-inline\" for=\"wpforms-20333-field_11_1\">Ich habe die <a href=\"\/de\/datenschutz\/\">Datenschutzbestimmungen<\/a> gelesen und stimme der Verwendung und Bearbeitung meiner Daten zu.<\/label><\/li><\/ul><\/fieldset><\/div><script>\n\t\t\t\t( function() {\n\t\t\t\t\tconst style = document.createElement( 'style' );\n\t\t\t\t\tstyle.appendChild( document.createTextNode( '#wpforms-20333-field_1-container { position: absolute !important; overflow: hidden !important; display: inline !important; height: 1px !important; width: 1px !important; z-index: -1000 !important; padding: 0 !important; } #wpforms-20333-field_1-container input { visibility: hidden; } #wpforms-conversational-form-page #wpforms-20333-field_1-container label { counter-increment: none; }' ) );\n\t\t\t\t\tdocument.head.appendChild( style );\n\t\t\t\t\tdocument.currentScript?.remove();\n\t\t\t\t} )();\n\t\t\t<\/script><\/div><!-- .wpforms-field-container --><div class=\"wpforms-submit-container\" ><input type=\"hidden\" name=\"wpforms[id]\" value=\"20333\"><input type=\"hidden\" name=\"page_title\" value=\"\"><input type=\"hidden\" name=\"page_url\" value=\"https:\/\/www.denkpharma.com\/de\/wp-json\/wp\/v2\/pages\/8360\"><input type=\"hidden\" name=\"url_referer\" value=\"\"><div class=\"captchafox\" data-sitekey=\"sk_Yj2PY9cyMDsbHLV6zhCuY5UE6W2wK\" data-mode=\"inline\" data-theme=\"light\"><\/div><button type=\"submit\" name=\"wpforms[submit]\" id=\"wpforms-submit-20333\" class=\"wpforms-submit\" data-alt-text=\"Sendet...\" data-submit-text=\"Absenden\" aria-live=\"assertive\" value=\"wpforms-submit\">Absenden<\/button><img decoding=\"async\" src=\"https:\/\/www.denkpharma.com\/wp-content\/plugins\/wpforms\/assets\/images\/submit-spin.svg\" class=\"wpforms-submit-spinner\" style=\"display: none;\" width=\"26\" height=\"26\" alt=\"Wird geladen\"><\/div><\/form><\/div>  <!-- .wpforms-container -->\t\t\t\t<\/div>\n\t\t\t\t<\/div>\n\t\t\t\t<div class=\"elementor-element elementor-element-5e7b114 elementor-widget elementor-widget-text-editor\" data-id=\"5e7b114\" data-element_type=\"widget\" data-e-type=\"widget\" data-widget_type=\"text-editor.default\">\n\t\t\t\t\t\t\t\t\t<p>* Die mit einem Sternchen (*) gekennzeichneten Felder m\u00fcssen ausgef\u00fcllt werden.<\/p>\t\t\t\t\t\t\t\t<\/div>\n\t\t\t\t\t<\/div>\n\t\t\t\t<\/div>\n\t\t\t\t<\/div>\n\t\t","protected":false},"excerpt":{"rendered":"<p>B2B Anfragen Erzielen Sie mit uns Wachstum und Erfolg! Veuillez activer JavaScript dans votre navigateur pour remplir ce formulaire.Veuillez activer JavaScript dans votre navigateur pour remplir ce formulaire.Betreff *Ich binBitte w\u00e4hlenArztApothekerGro\u00dfh\u00e4ndlerSonstiges Name * Pr\u00e9nomNom E-Mail *Telefon * Unternehmensstandort *Beschreiben Sie Ihre Anfrage * Ein\u00adverst\u00e4ndnis\u00aderkl\u00e4rung * Hiermit erkl\u00e4re ich mich einverstanden, von Denk Pharma GmbH &amp; [&hellip;]<\/p>\n","protected":false},"author":1,"featured_media":0,"parent":0,"menu_order":0,"comment_status":"closed","ping_status":"closed","template":"","meta":{"footnotes":""},"class_list":["post-8360","page","type-page","status-publish","hentry"],"yoast_head":"<!-- This site is optimized with the Yoast SEO Premium plugin v27.2 (Yoast SEO v27.2) - https:\/\/yoast.com\/product\/yoast-seo-premium-wordpress\/ -->\n<title>Denk Pharma | B2B<\/title>\n<meta name=\"description\" content=\"Wachstumschancen durch Partnerschaften. Kontaktieren Sie uns f\u00fcr eine Zusammenarbeit und \u00fcberzeugen Sie sich von unserem Angebot.\" \/>\n<meta name=\"robots\" content=\"index, follow, max-snippet:-1, max-image-preview:large, max-video-preview:-1\" \/>\n<link rel=\"canonical\" href=\"https:\/\/www.denkpharma.com\/de\/b2b\/\" \/>\n<meta property=\"og:locale\" content=\"de_DE\" \/>\n<meta property=\"og:type\" content=\"article\" \/>\n<meta property=\"og:title\" content=\"B2B &#8212; DENK PHARMA GmbH &amp; Co. KG\" \/>\n<meta property=\"og:description\" content=\"DENK PHARMA GmbH &amp; Co. KG\" \/>\n<meta property=\"og:url\" content=\"https:\/\/www.denkpharma.com\/de\/b2b\/\" \/>\n<meta property=\"og:site_name\" content=\"DENK PHARMA GmbH &amp; Co. KG\" \/>\n<meta property=\"article:publisher\" content=\"https:\/\/www.facebook.com\/DenkPharma\/\" \/>\n<meta property=\"article:modified_time\" content=\"2025-08-18T14:55:59+00:00\" \/>\n<meta property=\"og:image\" content=\"https:\/\/www.denkpharma.com\/wp-content\/plugins\/wpforms\/assets\/images\/submit-spin.svg\" \/>\n<meta name=\"twitter:card\" content=\"summary_large_image\" \/>\n<meta name=\"twitter:label1\" content=\"Gesch\u00e4tzte Lesezeit\" \/>\n\t<meta name=\"twitter:data1\" content=\"1\u00a0Minute\" \/>\n<script type=\"application\/ld+json\" class=\"yoast-schema-graph\">{\"@context\":\"https:\/\/schema.org\",\"@graph\":[{\"@type\":\"WebPage\",\"@id\":\"https:\/\/www.denkpharma.com\/de\/b2b\/\",\"url\":\"https:\/\/www.denkpharma.com\/de\/b2b\/\",\"name\":\"Denk Pharma | B2B\",\"isPartOf\":{\"@id\":\"https:\/\/www.denkpharma.com\/de\/#website\"},\"primaryImageOfPage\":{\"@id\":\"https:\/\/www.denkpharma.com\/de\/b2b\/#primaryimage\"},\"image\":{\"@id\":\"https:\/\/www.denkpharma.com\/de\/b2b\/#primaryimage\"},\"thumbnailUrl\":\"https:\/\/www.denkpharma.com\/wp-content\/plugins\/wpforms\/assets\/images\/submit-spin.svg\",\"datePublished\":\"2024-06-19T16:38:43+00:00\",\"dateModified\":\"2025-08-18T14:55:59+00:00\",\"description\":\"Wachstumschancen durch Partnerschaften. Kontaktieren Sie uns f\u00fcr eine Zusammenarbeit und \u00fcberzeugen Sie sich von unserem Angebot.\",\"breadcrumb\":{\"@id\":\"https:\/\/www.denkpharma.com\/de\/b2b\/#breadcrumb\"},\"inLanguage\":\"de\",\"potentialAction\":[{\"@type\":\"ReadAction\",\"target\":[\"https:\/\/www.denkpharma.com\/de\/b2b\/\"]}]},{\"@type\":\"ImageObject\",\"inLanguage\":\"de\",\"@id\":\"https:\/\/www.denkpharma.com\/de\/b2b\/#primaryimage\",\"url\":\"https:\/\/www.denkpharma.com\/wp-content\/plugins\/wpforms\/assets\/images\/submit-spin.svg\",\"contentUrl\":\"https:\/\/www.denkpharma.com\/wp-content\/plugins\/wpforms\/assets\/images\/submit-spin.svg\"},{\"@type\":\"BreadcrumbList\",\"@id\":\"https:\/\/www.denkpharma.com\/de\/b2b\/#breadcrumb\",\"itemListElement\":[{\"@type\":\"ListItem\",\"position\":1,\"name\":\"Home\",\"item\":\"https:\/\/www.denkpharma.com\/de\/\"},{\"@type\":\"ListItem\",\"position\":2,\"name\":\"B2B\"}]},{\"@type\":\"WebSite\",\"@id\":\"https:\/\/www.denkpharma.com\/de\/#website\",\"url\":\"https:\/\/www.denkpharma.com\/de\/\",\"name\":\"DENK PHARMA GmbH & Co. KG\",\"description\":\"We Create Access to Healing since 1948\",\"publisher\":{\"@id\":\"https:\/\/www.denkpharma.com\/de\/#organization\"},\"alternateName\":\"Denk Pharma\",\"potentialAction\":[{\"@type\":\"SearchAction\",\"target\":{\"@type\":\"EntryPoint\",\"urlTemplate\":\"https:\/\/www.denkpharma.com\/de\/?s={search_term_string}\"},\"query-input\":{\"@type\":\"PropertyValueSpecification\",\"valueRequired\":true,\"valueName\":\"search_term_string\"}}],\"inLanguage\":\"de\"},{\"@type\":\"Organization\",\"@id\":\"https:\/\/www.denkpharma.com\/de\/#organization\",\"name\":\"DENK PHARMA GmbH & Co. KG\",\"url\":\"https:\/\/www.denkpharma.com\/de\/\",\"logo\":{\"@type\":\"ImageObject\",\"inLanguage\":\"de\",\"@id\":\"https:\/\/www.denkpharma.com\/de\/#\/schema\/logo\/image\/\",\"url\":\"https:\/\/www.denkpharma.com\/wp-content\/uploads\/2024\/10\/denk_pharma_logo.png\",\"contentUrl\":\"https:\/\/www.denkpharma.com\/wp-content\/uploads\/2024\/10\/denk_pharma_logo.png\",\"width\":696,\"height\":696,\"caption\":\"DENK PHARMA GmbH & Co. KG\"},\"image\":{\"@id\":\"https:\/\/www.denkpharma.com\/de\/#\/schema\/logo\/image\/\"},\"sameAs\":[\"https:\/\/www.facebook.com\/DenkPharma\/\",\"https:\/\/de.linkedin.com\/company\/denkpharma\",\"https:\/\/www.instagram.com\/denk_pharma_germany\/\"],\"description\":\"Denk Pharma is an owner-managed and worldwide acting pharmaceutical company based in Munich. We are working in more than 80 countries to ensure access to healing.\",\"email\":\"pharma@denkpharma.de\",\"telephone\":\"+ 49 (0)89 23 00 29-0\",\"legalName\":\"DENK PHARMA GmbH & Co. KG\",\"foundingDate\":\"1948-08-01\",\"vatID\":\"DE245889441\",\"numberOfEmployees\":{\"@type\":\"QuantitativeValue\",\"minValue\":\"51\",\"maxValue\":\"200\"},\"publishingPrinciples\":\"https:\/\/www.denkpharma.com\/es\/empresa\/lo-que-nos-mueve\/\",\"ownershipFundingInfo\":\"https:\/\/www.denkpharma.com\/company\/who-we-are\/\",\"actionableFeedbackPolicy\":\"https:\/\/www.denkpharma.com\/contact\/\",\"correctionsPolicy\":\"https:\/\/www.denkpharma.com\/imprint\/\",\"ethicsPolicy\":\"https:\/\/www.denkpharma.com\/company\/social-commitment\/\"}]}<\/script>\n<!-- \/ Yoast SEO Premium plugin. -->","yoast_head_json":{"title":"Denk Pharma | B2B","description":"Wachstumschancen durch Partnerschaften. Kontaktieren Sie uns f\u00fcr eine Zusammenarbeit und \u00fcberzeugen Sie sich von unserem Angebot.","robots":{"index":"index","follow":"follow","max-snippet":"max-snippet:-1","max-image-preview":"max-image-preview:large","max-video-preview":"max-video-preview:-1"},"canonical":"https:\/\/www.denkpharma.com\/de\/b2b\/","og_locale":"de_DE","og_type":"article","og_title":"B2B &#8212; DENK PHARMA GmbH &amp; Co. KG","og_description":"DENK PHARMA GmbH &amp; Co. KG","og_url":"https:\/\/www.denkpharma.com\/de\/b2b\/","og_site_name":"DENK PHARMA GmbH &amp; Co. KG","article_publisher":"https:\/\/www.facebook.com\/DenkPharma\/","article_modified_time":"2025-08-18T14:55:59+00:00","og_image":[{"url":"https:\/\/www.denkpharma.com\/wp-content\/plugins\/wpforms\/assets\/images\/submit-spin.svg","type":"","width":"","height":""}],"twitter_card":"summary_large_image","twitter_misc":{"Gesch\u00e4tzte Lesezeit":"1\u00a0Minute"},"schema":{"@context":"https:\/\/schema.org","@graph":[{"@type":"WebPage","@id":"https:\/\/www.denkpharma.com\/de\/b2b\/","url":"https:\/\/www.denkpharma.com\/de\/b2b\/","name":"Denk Pharma | B2B","isPartOf":{"@id":"https:\/\/www.denkpharma.com\/de\/#website"},"primaryImageOfPage":{"@id":"https:\/\/www.denkpharma.com\/de\/b2b\/#primaryimage"},"image":{"@id":"https:\/\/www.denkpharma.com\/de\/b2b\/#primaryimage"},"thumbnailUrl":"https:\/\/www.denkpharma.com\/wp-content\/plugins\/wpforms\/assets\/images\/submit-spin.svg","datePublished":"2024-06-19T16:38:43+00:00","dateModified":"2025-08-18T14:55:59+00:00","description":"Wachstumschancen durch Partnerschaften. Kontaktieren Sie uns f\u00fcr eine Zusammenarbeit und \u00fcberzeugen Sie sich von unserem Angebot.","breadcrumb":{"@id":"https:\/\/www.denkpharma.com\/de\/b2b\/#breadcrumb"},"inLanguage":"de","potentialAction":[{"@type":"ReadAction","target":["https:\/\/www.denkpharma.com\/de\/b2b\/"]}]},{"@type":"ImageObject","inLanguage":"de","@id":"https:\/\/www.denkpharma.com\/de\/b2b\/#primaryimage","url":"https:\/\/www.denkpharma.com\/wp-content\/plugins\/wpforms\/assets\/images\/submit-spin.svg","contentUrl":"https:\/\/www.denkpharma.com\/wp-content\/plugins\/wpforms\/assets\/images\/submit-spin.svg"},{"@type":"BreadcrumbList","@id":"https:\/\/www.denkpharma.com\/de\/b2b\/#breadcrumb","itemListElement":[{"@type":"ListItem","position":1,"name":"Home","item":"https:\/\/www.denkpharma.com\/de\/"},{"@type":"ListItem","position":2,"name":"B2B"}]},{"@type":"WebSite","@id":"https:\/\/www.denkpharma.com\/de\/#website","url":"https:\/\/www.denkpharma.com\/de\/","name":"DENK PHARMA GmbH & Co. KG","description":"We Create Access to Healing since 1948","publisher":{"@id":"https:\/\/www.denkpharma.com\/de\/#organization"},"alternateName":"Denk Pharma","potentialAction":[{"@type":"SearchAction","target":{"@type":"EntryPoint","urlTemplate":"https:\/\/www.denkpharma.com\/de\/?s={search_term_string}"},"query-input":{"@type":"PropertyValueSpecification","valueRequired":true,"valueName":"search_term_string"}}],"inLanguage":"de"},{"@type":"Organization","@id":"https:\/\/www.denkpharma.com\/de\/#organization","name":"DENK PHARMA GmbH & Co. KG","url":"https:\/\/www.denkpharma.com\/de\/","logo":{"@type":"ImageObject","inLanguage":"de","@id":"https:\/\/www.denkpharma.com\/de\/#\/schema\/logo\/image\/","url":"https:\/\/www.denkpharma.com\/wp-content\/uploads\/2024\/10\/denk_pharma_logo.png","contentUrl":"https:\/\/www.denkpharma.com\/wp-content\/uploads\/2024\/10\/denk_pharma_logo.png","width":696,"height":696,"caption":"DENK PHARMA GmbH & Co. KG"},"image":{"@id":"https:\/\/www.denkpharma.com\/de\/#\/schema\/logo\/image\/"},"sameAs":["https:\/\/www.facebook.com\/DenkPharma\/","https:\/\/de.linkedin.com\/company\/denkpharma","https:\/\/www.instagram.com\/denk_pharma_germany\/"],"description":"Denk Pharma is an owner-managed and worldwide acting pharmaceutical company based in Munich. We are working in more than 80 countries to ensure access to healing.","email":"pharma@denkpharma.de","telephone":"+ 49 (0)89 23 00 29-0","legalName":"DENK PHARMA GmbH & Co. KG","foundingDate":"1948-08-01","vatID":"DE245889441","numberOfEmployees":{"@type":"QuantitativeValue","minValue":"51","maxValue":"200"},"publishingPrinciples":"https:\/\/www.denkpharma.com\/es\/empresa\/lo-que-nos-mueve\/","ownershipFundingInfo":"https:\/\/www.denkpharma.com\/company\/who-we-are\/","actionableFeedbackPolicy":"https:\/\/www.denkpharma.com\/contact\/","correctionsPolicy":"https:\/\/www.denkpharma.com\/imprint\/","ethicsPolicy":"https:\/\/www.denkpharma.com\/company\/social-commitment\/"}]}},"acf":[],"_links":{"self":[{"href":"https:\/\/www.denkpharma.com\/de\/wp-json\/wp\/v2\/pages\/8360","targetHints":{"allow":["GET"]}}],"collection":[{"href":"https:\/\/www.denkpharma.com\/de\/wp-json\/wp\/v2\/pages"}],"about":[{"href":"https:\/\/www.denkpharma.com\/de\/wp-json\/wp\/v2\/types\/page"}],"author":[{"embeddable":true,"href":"https:\/\/www.denkpharma.com\/de\/wp-json\/wp\/v2\/users\/1"}],"replies":[{"embeddable":true,"href":"https:\/\/www.denkpharma.com\/de\/wp-json\/wp\/v2\/comments?post=8360"}],"version-history":[{"count":0,"href":"https:\/\/www.denkpharma.com\/de\/wp-json\/wp\/v2\/pages\/8360\/revisions"}],"wp:attachment":[{"href":"https:\/\/www.denkpharma.com\/de\/wp-json\/wp\/v2\/media?parent=8360"}],"curies":[{"name":"wp","href":"https:\/\/api.w.org\/{rel}","templated":true}]}}