{"id":10709,"date":"2024-05-28T17:10:26","date_gmt":"2024-05-28T15:10:26","guid":{"rendered":"https:\/\/www.denkpharma.com\/aviso-legal\/"},"modified":"2025-01-31T13:39:35","modified_gmt":"2025-01-31T12:39:35","slug":"aviso-legal","status":"publish","type":"page","link":"https:\/\/www.denkpharma.com\/es\/aviso-legal\/","title":{"rendered":"Aviso legal"},"content":{"rendered":"\t\t<div data-elementor-type=\"wp-page\" data-elementor-id=\"10709\" class=\"elementor elementor-10709 elementor-1486\" data-elementor-post-type=\"page\">\n\t\t\t\t<div class=\"elementor-element elementor-element-02078a8 e-flex e-con-boxed e-con e-parent\" data-id=\"02078a8\" data-element_type=\"container\" data-e-type=\"container\" data-settings=\"{&quot;_is_slider_enabled&quot;:&quot;no&quot;}\">\n\t\t\t\t\t<div class=\"e-con-inner\">\n\t\t\t\t<div class=\"elementor-element elementor-element-1525d52 elementor-widget elementor-widget-heading\" data-id=\"1525d52\" data-element_type=\"widget\" data-e-type=\"widget\" data-widget_type=\"heading.default\">\n\t\t\t\t\t<h1 class=\"elementor-heading-title elementor-size-default\">Aviso legal<\/h1>\t\t\t\t<\/div>\n\t\t\t\t<div class=\"elementor-element elementor-element-9d4d605 elementor-widget elementor-widget-text-editor\" data-id=\"9d4d605\" data-element_type=\"widget\" data-e-type=\"widget\" data-widget_type=\"text-editor.default\">\n\t\t\t\t\t\t\t\t\t<p>Toda la informaci\u00f3n de este sitio web se ha comprobado cuidadosamente.<br \/>\nDenk Pharma se esfuerza constantemente por actualizar y ampliar la informaci\u00f3n proporcionada digitalmente.<br \/>\nSin embargo, no se puede garantizar la exactitud, integridad y actualidad del contenido proporcionado.<br \/>\nEste aviso legal tambi\u00e9n se aplica a los perfiles de las redes sociales de Denk Pharma (por ejemplo, LinkedIn, Facebook, Instagram, YouTube).     <\/p>\n\t\t\t\t\t\t\t\t<\/div>\n\t\t\t\t<div class=\"elementor-element elementor-element-300d06e elementor-widget elementor-widget-text-editor\" data-id=\"300d06e\" data-element_type=\"widget\" data-e-type=\"widget\" data-widget_type=\"text-editor.default\">\n\t\t\t\t\t\t\t\t\t<p>Copyright Denk Pharma GmbH &amp; Co. KG<\/p>\n\t\t\t\t\t\t\t\t<\/div>\n\t\t\t\t\t<\/div>\n\t\t\t\t<\/div>\n\t\t<div class=\"elementor-element elementor-element-67dff99 e-flex e-con-boxed e-con e-parent\" data-id=\"67dff99\" data-element_type=\"container\" data-e-type=\"container\" data-settings=\"{&quot;_is_slider_enabled&quot;:&quot;no&quot;}\">\n\t\t\t\t\t<div class=\"e-con-inner\">\n\t\t<div class=\"elementor-element elementor-element-c4f80b4 e-con-full e-flex e-con e-child\" data-id=\"c4f80b4\" data-element_type=\"container\" data-e-type=\"container\" data-settings=\"{&quot;_is_slider_enabled&quot;:&quot;no&quot;}\">\n\t\t\t\t<div class=\"elementor-element elementor-element-92dbe12 elementor-widget elementor-widget-heading\" data-id=\"92dbe12\" data-element_type=\"widget\" data-e-type=\"widget\" data-widget_type=\"heading.default\">\n\t\t\t\t\t<h2 class=\"elementor-heading-title elementor-size-default\">Denk Pharma GmbH &amp; Co. KG<\/h2>\t\t\t\t<\/div>\n\t\t\t\t<div class=\"elementor-element elementor-element-a1909b0 elementor-widget elementor-widget-text-editor\" data-id=\"a1909b0\" data-element_type=\"widget\" data-e-type=\"widget\" data-widget_type=\"text-editor.default\">\n\t\t\t\t\t\t\t\t\t<p>Prinzregentenstra\u00dfe 79<br \/>81675 M\u00fanich<br \/>Alemania<\/p>\n<p>Tel: +49 (0) 89 23 00 29-0<br \/>Fax: +49 (0) 89 23 00 29-480<\/p>\n<p>Correo electr\u00f3nico: <a href=\"mailto:pharma@denkpharma.de\">pharma@denkpharma.de<\/a><br \/>P\u00e1gina web: <a href=\"https:\/\/www.denkpharma.com\/es\/\">www.denkpharma.com<\/a><\/p>\n\t\t\t\t\t\t\t\t<\/div>\n\t\t\t\t<\/div>\n\t\t<div class=\"elementor-element elementor-element-2b28611 e-con-full e-flex e-con e-child\" data-id=\"2b28611\" data-element_type=\"container\" data-e-type=\"container\" data-settings=\"{&quot;_is_slider_enabled&quot;:&quot;no&quot;}\">\n\t\t\t\t<div class=\"elementor-element elementor-element-31b38d4 elementor-widget elementor-widget-heading\" data-id=\"31b38d4\" data-element_type=\"widget\" data-e-type=\"widget\" data-widget_type=\"heading.default\">\n\t\t\t\t\t<h2 class=\"elementor-heading-title elementor-size-default\">Director General<\/h2>\t\t\t\t<\/div>\n\t\t\t\t<div class=\"elementor-element elementor-element-9a8c047 elementor-widget elementor-widget-text-editor\" data-id=\"9a8c047\" data-element_type=\"widget\" data-e-type=\"widget\" data-widget_type=\"text-editor.default\">\n\t\t\t\t\t\t\t\t\t<p>Stephan Huber, Licenciado en Empresariales<\/p>\n\t\t\t\t\t\t\t\t<\/div>\n\t\t\t\t<div class=\"elementor-element elementor-element-4ace0b7 elementor-widget elementor-widget-heading\" data-id=\"4ace0b7\" data-element_type=\"widget\" data-e-type=\"widget\" data-widget_type=\"heading.default\">\n\t\t\t\t\t<h2 class=\"elementor-heading-title elementor-size-default\">Tribunal de Registro<\/h2>\t\t\t\t<\/div>\n\t\t\t\t<div class=\"elementor-element elementor-element-e206dc1 elementor-widget elementor-widget-text-editor\" data-id=\"e206dc1\" data-element_type=\"widget\" data-e-type=\"widget\" data-widget_type=\"text-editor.default\">\n\t\t\t\t\t\t\t\t\t<p>M\u00fanich, HRA 85432<\/p>\n\t\t\t\t\t\t\t\t<\/div>\n\t\t\t\t<div class=\"elementor-element elementor-element-d0930e8 elementor-widget elementor-widget-text-editor\" data-id=\"d0930e8\" data-element_type=\"widget\" data-e-type=\"widget\" data-widget_type=\"text-editor.default\">\n\t\t\t\t\t\t\t\t\t<p>N\u00famero de identificaci\u00f3n a efectos del IVA: DE245889441<\/p>\n\t\t\t\t\t\t\t\t<\/div>\n\t\t\t\t<div class=\"elementor-element elementor-element-3b52edb elementor-widget elementor-widget-heading\" data-id=\"3b52edb\" data-element_type=\"widget\" data-e-type=\"widget\" data-widget_type=\"heading.default\">\n\t\t\t\t\t<h2 class=\"elementor-heading-title elementor-size-default\">Autoridad supervisora<\/h2>\t\t\t\t<\/div>\n\t\t\t\t<div class=\"elementor-element elementor-element-059f551 elementor-widget elementor-widget-text-editor\" data-id=\"059f551\" data-element_type=\"widget\" data-e-type=\"widget\" data-widget_type=\"text-editor.default\">\n\t\t\t\t\t\t\t\t\t<p>Gobierno de Oberbayern<br \/>Maximilianstra\u00dfe 39, 80538 M\u00fanich<\/p>\n\t\t\t\t\t\t\t\t<\/div>\n\t\t\t\t<\/div>\n\t\t\t\t\t<\/div>\n\t\t\t\t<\/div>\n\t\t<div class=\"elementor-element elementor-element-d537971 e-flex e-con-boxed e-con e-parent\" data-id=\"d537971\" data-element_type=\"container\" data-e-type=\"container\" data-settings=\"{&quot;_is_slider_enabled&quot;:&quot;no&quot;}\">\n\t\t\t\t\t<div class=\"e-con-inner\">\n\t\t<div class=\"elementor-element elementor-element-1164afc e-con-full e-flex e-con e-child\" data-id=\"1164afc\" data-element_type=\"container\" data-e-type=\"container\" data-settings=\"{&quot;_is_slider_enabled&quot;:&quot;no&quot;}\">\n\t\t\t\t<div class=\"elementor-element elementor-element-e42ec84 elementor-widget elementor-widget-heading\" data-id=\"e42ec84\" data-element_type=\"widget\" data-e-type=\"widget\" data-widget_type=\"heading.default\">\n\t\t\t\t\t<h2 class=\"elementor-heading-title elementor-size-default\">Oficina de Denuncias<\/h2>\t\t\t\t<\/div>\n\t\t\t\t<div class=\"elementor-element elementor-element-9920d0d elementor-widget elementor-widget-text-editor\" data-id=\"9920d0d\" data-element_type=\"widget\" data-e-type=\"widget\" data-widget_type=\"text-editor.default\">\n\t\t\t\t\t\t\t\t\t<p>Formulario verbal<br \/>Tel\u00e9fono: +49 89 (0) 230029-181 \u00f3 +49 89 (0) 230029-183<\/p>\n<p>Formulario escrito<br \/>DENK PHARMA GmbH &amp; Co KG, Whistleblower Reporting Office, Prinzregentenstr.<br \/>\n79, 81675 M\u00fanich, Alemania <\/p>\n<p>Correo electr\u00f3nico: <a href=\"mailto:notice@denkpharma.de\">notice@denkpharma.de<\/a><\/p>\n\t\t\t\t\t\t\t\t<\/div>\n\t\t\t\t<\/div>\n\t\t<div class=\"elementor-element elementor-element-fef4ed0 e-con-full e-flex e-con e-child\" data-id=\"fef4ed0\" data-element_type=\"container\" data-e-type=\"container\" data-settings=\"{&quot;_is_slider_enabled&quot;:&quot;no&quot;}\">\n\t\t\t\t<div class=\"elementor-element elementor-element-f66bbfd elementor-widget elementor-widget-heading\" data-id=\"f66bbfd\" data-element_type=\"widget\" data-e-type=\"widget\" data-widget_type=\"heading.default\">\n\t\t\t\t\t<h2 class=\"elementor-heading-title elementor-size-default\">Dise\u00f1o e implementaci\u00f3n t\u00e9cnica<\/h2>\t\t\t\t<\/div>\n\t\t\t\t<div class=\"elementor-element elementor-element-42dfa34 elementor-widget elementor-widget-text-editor\" data-id=\"42dfa34\" data-element_type=\"widget\" data-e-type=\"widget\" data-widget_type=\"text-editor.default\">\n\t\t\t\t\t\t\t\t\t<p>450 Latidos GmbH<br \/> <a title=\"WordPress Agentur en M\u00fanich\" href=\"https:\/\/www.450heartbeats.com\/\" target=\"_blank\" rel=\"noopener\">www.450heartbeats.com<\/a><\/p>\n\t\t\t\t\t\t\t\t<\/div>\n\t\t\t\t<div class=\"elementor-element elementor-element-ad18670 elementor-widget elementor-widget-heading\" data-id=\"ad18670\" data-element_type=\"widget\" data-e-type=\"widget\" data-widget_type=\"heading.default\">\n\t\t\t\t\t<h2 class=\"elementor-heading-title elementor-size-default\">M\u00e1s informaci\u00f3n<\/h2>\t\t\t\t<\/div>\n\t\t\t\t<div class=\"elementor-element elementor-element-b274561 elementor-widget elementor-widget-text-editor\" data-id=\"b274561\" data-element_type=\"widget\" data-e-type=\"widget\" data-widget_type=\"text-editor.default\">\n\t\t\t\t\t\t\t\t\t<p>Cr\u00e9ditos de las im\u00e1genes: Denk Pharma, Adobe Stock, iStock, Shutterstock<\/p>\n<p>Fotograf\u00eda: Oliver Farys<\/p>\t\t\t\t\t\t\t\t<\/div>\n\t\t\t\t<\/div>\n\t\t\t\t\t<\/div>\n\t\t\t\t<\/div>\n\t\t\t\t<\/div>\n\t\t","protected":false},"excerpt":{"rendered":"<p>Aviso legal Toda la informaci\u00f3n de este sitio web se ha comprobado cuidadosamente. Denk Pharma se esfuerza constantemente por actualizar y ampliar la informaci\u00f3n proporcionada digitalmente. Sin embargo, no se puede garantizar la exactitud, integridad y actualidad del contenido proporcionado. Este aviso legal tambi\u00e9n se aplica a los perfiles de las redes sociales de Denk [&hellip;]<\/p>\n","protected":false},"author":1,"featured_media":0,"parent":0,"menu_order":0,"comment_status":"closed","ping_status":"closed","template":"","meta":{"footnotes":""},"class_list":["post-10709","page","type-page","status-publish","hentry"],"yoast_head":"<!-- This site is optimized with the Yoast SEO Premium plugin v27.2 (Yoast SEO v27.2) - https:\/\/yoast.com\/product\/yoast-seo-premium-wordpress\/ -->\n<title>Aviso legal &#8212; DENK PHARMA GmbH &amp; Co. KG<\/title>\n<meta name=\"description\" content=\"Our products are available in more than 80 countries worldwide, providing patients with the same premium quality as in German pharmacies.\" \/>\n<meta name=\"robots\" content=\"index, follow, max-snippet:-1, max-image-preview:large, max-video-preview:-1\" \/>\n<link rel=\"canonical\" href=\"https:\/\/www.denkpharma.com\/es\/aviso-legal\/\" \/>\n<meta property=\"og:locale\" content=\"es_ES\" \/>\n<meta property=\"og:type\" content=\"article\" \/>\n<meta property=\"og:title\" content=\"Aviso legal &#8212; DENK PHARMA GmbH &amp; Co. KG\" \/>\n<meta property=\"og:description\" content=\"DENK PHARMA GmbH &amp; Co. KG\" \/>\n<meta property=\"og:url\" content=\"https:\/\/www.denkpharma.com\/es\/aviso-legal\/\" \/>\n<meta property=\"og:site_name\" content=\"DENK PHARMA GmbH &amp; Co. KG\" \/>\n<meta property=\"article:publisher\" content=\"https:\/\/www.facebook.com\/DenkPharma\/\" \/>\n<meta property=\"article:modified_time\" content=\"2025-01-31T12:39:35+00:00\" \/>\n<meta property=\"og:image\" content=\"https:\/\/www.denkpharma.com\/wp-content\/uploads\/2024\/10\/denk_pharma_bg.jpg\" \/>\n\t<meta property=\"og:image:width\" content=\"1200\" \/>\n\t<meta property=\"og:image:height\" content=\"675\" \/>\n\t<meta property=\"og:image:type\" content=\"image\/jpeg\" \/>\n<meta name=\"twitter:card\" content=\"summary_large_image\" \/>\n<meta name=\"twitter:label1\" content=\"Tiempo de lectura\" \/>\n\t<meta name=\"twitter:data1\" content=\"1 minuto\" \/>\n<script type=\"application\/ld+json\" class=\"yoast-schema-graph\">{\"@context\":\"https:\/\/schema.org\",\"@graph\":[{\"@type\":\"WebPage\",\"@id\":\"https:\/\/www.denkpharma.com\/es\/aviso-legal\/\",\"url\":\"https:\/\/www.denkpharma.com\/es\/aviso-legal\/\",\"name\":\"Aviso legal &#8212; DENK PHARMA GmbH &amp; Co. KG\",\"isPartOf\":{\"@id\":\"https:\/\/www.denkpharma.com\/es\/#website\"},\"datePublished\":\"2024-05-28T15:10:26+00:00\",\"dateModified\":\"2025-01-31T12:39:35+00:00\",\"description\":\"Our products are available in more than 80 countries worldwide, providing patients with the same premium quality as in German pharmacies.\",\"breadcrumb\":{\"@id\":\"https:\/\/www.denkpharma.com\/es\/aviso-legal\/#breadcrumb\"},\"inLanguage\":\"es\",\"potentialAction\":[{\"@type\":\"ReadAction\",\"target\":[\"https:\/\/www.denkpharma.com\/es\/aviso-legal\/\"]}]},{\"@type\":\"BreadcrumbList\",\"@id\":\"https:\/\/www.denkpharma.com\/es\/aviso-legal\/#breadcrumb\",\"itemListElement\":[{\"@type\":\"ListItem\",\"position\":1,\"name\":\"Home\",\"item\":\"https:\/\/www.denkpharma.com\/es\/\"},{\"@type\":\"ListItem\",\"position\":2,\"name\":\"Aviso legal\"}]},{\"@type\":\"WebSite\",\"@id\":\"https:\/\/www.denkpharma.com\/es\/#website\",\"url\":\"https:\/\/www.denkpharma.com\/es\/\",\"name\":\"DENK PHARMA GmbH & Co. KG\",\"description\":\"We Create Access to Healing since 1948\",\"publisher\":{\"@id\":\"https:\/\/www.denkpharma.com\/es\/#organization\"},\"alternateName\":\"Denk Pharma\",\"potentialAction\":[{\"@type\":\"SearchAction\",\"target\":{\"@type\":\"EntryPoint\",\"urlTemplate\":\"https:\/\/www.denkpharma.com\/es\/?s={search_term_string}\"},\"query-input\":{\"@type\":\"PropertyValueSpecification\",\"valueRequired\":true,\"valueName\":\"search_term_string\"}}],\"inLanguage\":\"es\"},{\"@type\":\"Organization\",\"@id\":\"https:\/\/www.denkpharma.com\/es\/#organization\",\"name\":\"DENK PHARMA GmbH & Co. KG\",\"url\":\"https:\/\/www.denkpharma.com\/es\/\",\"logo\":{\"@type\":\"ImageObject\",\"inLanguage\":\"es\",\"@id\":\"https:\/\/www.denkpharma.com\/es\/#\/schema\/logo\/image\/\",\"url\":\"https:\/\/www.denkpharma.com\/wp-content\/uploads\/2024\/10\/denk_pharma_logo.png\",\"contentUrl\":\"https:\/\/www.denkpharma.com\/wp-content\/uploads\/2024\/10\/denk_pharma_logo.png\",\"width\":696,\"height\":696,\"caption\":\"DENK PHARMA GmbH & Co. KG\"},\"image\":{\"@id\":\"https:\/\/www.denkpharma.com\/es\/#\/schema\/logo\/image\/\"},\"sameAs\":[\"https:\/\/www.facebook.com\/DenkPharma\/\",\"https:\/\/de.linkedin.com\/company\/denkpharma\",\"https:\/\/www.instagram.com\/denk_pharma_germany\/\"],\"description\":\"Denk Pharma is an owner-managed and worldwide acting pharmaceutical company based in Munich. We are working in more than 80 countries to ensure access to healing.\",\"email\":\"pharma@denkpharma.de\",\"telephone\":\"+ 49 (0)89 23 00 29-0\",\"legalName\":\"DENK PHARMA GmbH & Co. KG\",\"foundingDate\":\"1948-08-01\",\"vatID\":\"DE245889441\",\"numberOfEmployees\":{\"@type\":\"QuantitativeValue\",\"minValue\":\"51\",\"maxValue\":\"200\"},\"publishingPrinciples\":\"https:\/\/www.denkpharma.com\/es\/empresa\/lo-que-nos-mueve\/\",\"ownershipFundingInfo\":\"https:\/\/www.denkpharma.com\/company\/who-we-are\/\",\"actionableFeedbackPolicy\":\"https:\/\/www.denkpharma.com\/contact\/\",\"correctionsPolicy\":\"https:\/\/www.denkpharma.com\/de\/juristische-erklaerung\/\",\"ethicsPolicy\":\"https:\/\/www.denkpharma.com\/company\/social-commitment\/\"}]}<\/script>\n<!-- \/ Yoast SEO Premium plugin. -->","yoast_head_json":{"title":"Aviso legal &#8212; DENK PHARMA GmbH &amp; Co. KG","description":"Our products are available in more than 80 countries worldwide, providing patients with the same premium quality as in German pharmacies.","robots":{"index":"index","follow":"follow","max-snippet":"max-snippet:-1","max-image-preview":"max-image-preview:large","max-video-preview":"max-video-preview:-1"},"canonical":"https:\/\/www.denkpharma.com\/es\/aviso-legal\/","og_locale":"es_ES","og_type":"article","og_title":"Aviso legal &#8212; DENK PHARMA GmbH &amp; Co. KG","og_description":"DENK PHARMA GmbH &amp; Co. KG","og_url":"https:\/\/www.denkpharma.com\/es\/aviso-legal\/","og_site_name":"DENK PHARMA GmbH &amp; Co. KG","article_publisher":"https:\/\/www.facebook.com\/DenkPharma\/","article_modified_time":"2025-01-31T12:39:35+00:00","og_image":[{"width":1200,"height":675,"url":"https:\/\/www.denkpharma.com\/wp-content\/uploads\/2024\/10\/denk_pharma_bg.jpg","type":"image\/jpeg"}],"twitter_card":"summary_large_image","twitter_misc":{"Tiempo de lectura":"1 minuto"},"schema":{"@context":"https:\/\/schema.org","@graph":[{"@type":"WebPage","@id":"https:\/\/www.denkpharma.com\/es\/aviso-legal\/","url":"https:\/\/www.denkpharma.com\/es\/aviso-legal\/","name":"Aviso legal &#8212; DENK PHARMA GmbH &amp; Co. KG","isPartOf":{"@id":"https:\/\/www.denkpharma.com\/es\/#website"},"datePublished":"2024-05-28T15:10:26+00:00","dateModified":"2025-01-31T12:39:35+00:00","description":"Our products are available in more than 80 countries worldwide, providing patients with the same premium quality as in German pharmacies.","breadcrumb":{"@id":"https:\/\/www.denkpharma.com\/es\/aviso-legal\/#breadcrumb"},"inLanguage":"es","potentialAction":[{"@type":"ReadAction","target":["https:\/\/www.denkpharma.com\/es\/aviso-legal\/"]}]},{"@type":"BreadcrumbList","@id":"https:\/\/www.denkpharma.com\/es\/aviso-legal\/#breadcrumb","itemListElement":[{"@type":"ListItem","position":1,"name":"Home","item":"https:\/\/www.denkpharma.com\/es\/"},{"@type":"ListItem","position":2,"name":"Aviso legal"}]},{"@type":"WebSite","@id":"https:\/\/www.denkpharma.com\/es\/#website","url":"https:\/\/www.denkpharma.com\/es\/","name":"DENK PHARMA GmbH & Co. KG","description":"We Create Access to Healing since 1948","publisher":{"@id":"https:\/\/www.denkpharma.com\/es\/#organization"},"alternateName":"Denk Pharma","potentialAction":[{"@type":"SearchAction","target":{"@type":"EntryPoint","urlTemplate":"https:\/\/www.denkpharma.com\/es\/?s={search_term_string}"},"query-input":{"@type":"PropertyValueSpecification","valueRequired":true,"valueName":"search_term_string"}}],"inLanguage":"es"},{"@type":"Organization","@id":"https:\/\/www.denkpharma.com\/es\/#organization","name":"DENK PHARMA GmbH & Co. KG","url":"https:\/\/www.denkpharma.com\/es\/","logo":{"@type":"ImageObject","inLanguage":"es","@id":"https:\/\/www.denkpharma.com\/es\/#\/schema\/logo\/image\/","url":"https:\/\/www.denkpharma.com\/wp-content\/uploads\/2024\/10\/denk_pharma_logo.png","contentUrl":"https:\/\/www.denkpharma.com\/wp-content\/uploads\/2024\/10\/denk_pharma_logo.png","width":696,"height":696,"caption":"DENK PHARMA GmbH & Co. KG"},"image":{"@id":"https:\/\/www.denkpharma.com\/es\/#\/schema\/logo\/image\/"},"sameAs":["https:\/\/www.facebook.com\/DenkPharma\/","https:\/\/de.linkedin.com\/company\/denkpharma","https:\/\/www.instagram.com\/denk_pharma_germany\/"],"description":"Denk Pharma is an owner-managed and worldwide acting pharmaceutical company based in Munich. We are working in more than 80 countries to ensure access to healing.","email":"pharma@denkpharma.de","telephone":"+ 49 (0)89 23 00 29-0","legalName":"DENK PHARMA GmbH & Co. KG","foundingDate":"1948-08-01","vatID":"DE245889441","numberOfEmployees":{"@type":"QuantitativeValue","minValue":"51","maxValue":"200"},"publishingPrinciples":"https:\/\/www.denkpharma.com\/es\/empresa\/lo-que-nos-mueve\/","ownershipFundingInfo":"https:\/\/www.denkpharma.com\/company\/who-we-are\/","actionableFeedbackPolicy":"https:\/\/www.denkpharma.com\/contact\/","correctionsPolicy":"https:\/\/www.denkpharma.com\/de\/juristische-erklaerung\/","ethicsPolicy":"https:\/\/www.denkpharma.com\/company\/social-commitment\/"}]}},"acf":[],"_links":{"self":[{"href":"https:\/\/www.denkpharma.com\/es\/wp-json\/wp\/v2\/pages\/10709","targetHints":{"allow":["GET"]}}],"collection":[{"href":"https:\/\/www.denkpharma.com\/es\/wp-json\/wp\/v2\/pages"}],"about":[{"href":"https:\/\/www.denkpharma.com\/es\/wp-json\/wp\/v2\/types\/page"}],"author":[{"embeddable":true,"href":"https:\/\/www.denkpharma.com\/es\/wp-json\/wp\/v2\/users\/1"}],"replies":[{"embeddable":true,"href":"https:\/\/www.denkpharma.com\/es\/wp-json\/wp\/v2\/comments?post=10709"}],"version-history":[{"count":0,"href":"https:\/\/www.denkpharma.com\/es\/wp-json\/wp\/v2\/pages\/10709\/revisions"}],"wp:attachment":[{"href":"https:\/\/www.denkpharma.com\/es\/wp-json\/wp\/v2\/media?parent=10709"}],"curies":[{"name":"wp","href":"https:\/\/api.w.org\/{rel}","templated":true}]}}