{"id":10492,"date":"2024-05-28T17:10:26","date_gmt":"2024-05-28T15:10:26","guid":{"rendered":"https:\/\/www.denkpharma.com\/declaration-juridique\/"},"modified":"2026-04-23T08:31:10","modified_gmt":"2026-04-23T06:31:10","slug":"declaration-juridique","status":"publish","type":"page","link":"https:\/\/www.denkpharma.com\/fr\/declaration-juridique\/","title":{"rendered":"D\u00e9claration juridique"},"content":{"rendered":"\t\t<div data-elementor-type=\"wp-page\" data-elementor-id=\"10492\" class=\"elementor elementor-10492 elementor-1486\" data-elementor-post-type=\"page\">\n\t\t\t\t<div class=\"elementor-element elementor-element-02078a8 e-flex e-con-boxed e-con e-parent\" data-id=\"02078a8\" data-element_type=\"container\" data-e-type=\"container\" data-settings=\"{&quot;_is_slider_enabled&quot;:&quot;no&quot;}\">\n\t\t\t\t\t<div class=\"e-con-inner\">\n\t\t\t\t<div class=\"elementor-element elementor-element-1525d52 elementor-widget elementor-widget-heading\" data-id=\"1525d52\" data-element_type=\"widget\" data-e-type=\"widget\" data-widget_type=\"heading.default\">\n\t\t\t\t\t<h1 class=\"elementor-heading-title elementor-size-default\">D\u00e9claration juridique<\/h1>\t\t\t\t<\/div>\n\t\t\t\t<div class=\"elementor-element elementor-element-9d4d605 elementor-widget elementor-widget-text-editor\" data-id=\"9d4d605\" data-element_type=\"widget\" data-e-type=\"widget\" data-widget_type=\"text-editor.default\">\n\t\t\t\t\t\t\t\t\t<p>Toutes les informations contenues dans ce site ont \u00e9t\u00e9 soigneusement v\u00e9rifi\u00e9es. Denk Pharma s&rsquo;efforce en permanence de mettre \u00e0 jour et d&rsquo;\u00e9largir les informations fournies sous forme num\u00e9rique. Toutefois, aucune garantie ne peut \u00eatre donn\u00e9e quant \u00e0 l&rsquo;exactitude, l&rsquo;exhaustivit\u00e9 et l&rsquo;actualit\u00e9 du contenu fourni. Ces mentions l\u00e9gales s&rsquo;appliquent \u00e9galement aux profils de Denk Pharma sur les m\u00e9dias sociaux (par exemple LinkedIn, Facebook, Instagram, YouTube).<\/p>\t\t\t\t\t\t\t\t<\/div>\n\t\t\t\t<div class=\"elementor-element elementor-element-e6fa70e elementor-widget elementor-widget-text-editor\" data-id=\"e6fa70e\" data-element_type=\"widget\" data-e-type=\"widget\" data-widget_type=\"text-editor.default\">\n\t\t\t\t\t\t\t\t\t<p>Denk Pharma GmbH &amp; Co. KG, Prinzregentenstra\u00dfe 79, 81675 Munich<br>Repr\u00e9sent\u00e9e par l&rsquo;associ\u00e9 g\u00e9rant :<br>Denk Pharma Verwaltung GmbH 2025, repr\u00e9sent\u00e9e par le g\u00e9rant : Stephan Huber junior<\/p>\t\t\t\t\t\t\t\t<\/div>\n\t\t\t\t<div class=\"elementor-element elementor-element-300d06e elementor-widget elementor-widget-text-editor\" data-id=\"300d06e\" data-element_type=\"widget\" data-e-type=\"widget\" data-widget_type=\"text-editor.default\">\n\t\t\t\t\t\t\t\t\tCopyright Denk Pharma GmbH &amp; Co. KG\t\t\t\t\t\t\t\t<\/div>\n\t\t\t\t\t<\/div>\n\t\t\t\t<\/div>\n\t\t<div class=\"elementor-element elementor-element-67dff99 e-flex e-con-boxed e-con e-parent\" data-id=\"67dff99\" data-element_type=\"container\" data-e-type=\"container\" data-settings=\"{&quot;_is_slider_enabled&quot;:&quot;no&quot;}\">\n\t\t\t\t\t<div class=\"e-con-inner\">\n\t\t<div class=\"elementor-element elementor-element-c4f80b4 e-con-full e-flex e-con e-child\" data-id=\"c4f80b4\" data-element_type=\"container\" data-e-type=\"container\" data-settings=\"{&quot;_is_slider_enabled&quot;:&quot;no&quot;}\">\n\t\t\t\t<div class=\"elementor-element elementor-element-92dbe12 elementor-widget elementor-widget-heading\" data-id=\"92dbe12\" data-element_type=\"widget\" data-e-type=\"widget\" data-widget_type=\"heading.default\">\n\t\t\t\t\t<h2 class=\"elementor-heading-title elementor-size-default\">Denk Pharma GmbH &amp; Co. KG<\/h2>\t\t\t\t<\/div>\n\t\t\t\t<div class=\"elementor-element elementor-element-a1909b0 elementor-widget elementor-widget-text-editor\" data-id=\"a1909b0\" data-element_type=\"widget\" data-e-type=\"widget\" data-widget_type=\"text-editor.default\">\n\t\t\t\t\t\t\t\t\t<p>Prinzregentenstra\u00dfe 79<br>81675 Munich<br>Allemagne<\/p><p>Tel : +49 (0) 89 23 00 29-0<br>Fax : +49 (0) 89 23 00 29-480<\/p><p>Courriel : <a href=\"mailto:pharma@denkpharma.de\">pharma@denkpharma.de<\/a><br>Site web : <a href=\"https:\/\/www.denkpharma.com\/fr\/\">www.denkpharma.com<\/a><\/p>\t\t\t\t\t\t\t\t<\/div>\n\t\t\t\t<\/div>\n\t\t<div class=\"elementor-element elementor-element-2b28611 e-con-full e-flex e-con e-child\" data-id=\"2b28611\" data-element_type=\"container\" data-e-type=\"container\" data-settings=\"{&quot;_is_slider_enabled&quot;:&quot;no&quot;}\">\n\t\t\t\t<div class=\"elementor-element elementor-element-31b38d4 elementor-widget elementor-widget-heading\" data-id=\"31b38d4\" data-element_type=\"widget\" data-e-type=\"widget\" data-widget_type=\"heading.default\">\n\t\t\t\t\t<h2 class=\"elementor-heading-title elementor-size-default\">Directeur g\u00e9n\u00e9ral<\/h2>\t\t\t\t<\/div>\n\t\t\t\t<div class=\"elementor-element elementor-element-9a8c047 elementor-widget elementor-widget-text-editor\" data-id=\"9a8c047\" data-element_type=\"widget\" data-e-type=\"widget\" data-widget_type=\"text-editor.default\">\n\t\t\t\t\t\t\t\t\tStephan Huber, Dipl\u00f4m\u00e9 en Commerce\t\t\t\t\t\t\t\t<\/div>\n\t\t\t\t<div class=\"elementor-element elementor-element-4ace0b7 elementor-widget elementor-widget-heading\" data-id=\"4ace0b7\" data-element_type=\"widget\" data-e-type=\"widget\" data-widget_type=\"heading.default\">\n\t\t\t\t\t<h2 class=\"elementor-heading-title elementor-size-default\">Cour d'enregistrement<\/h2>\t\t\t\t<\/div>\n\t\t\t\t<div class=\"elementor-element elementor-element-e206dc1 elementor-widget elementor-widget-text-editor\" data-id=\"e206dc1\" data-element_type=\"widget\" data-e-type=\"widget\" data-widget_type=\"text-editor.default\">\n\t\t\t\t\t\t\t\t\t<p>Munich, HRA 85432<\/p>\t\t\t\t\t\t\t\t<\/div>\n\t\t\t\t<div class=\"elementor-element elementor-element-d0930e8 elementor-widget elementor-widget-text-editor\" data-id=\"d0930e8\" data-element_type=\"widget\" data-e-type=\"widget\" data-widget_type=\"text-editor.default\">\n\t\t\t\t\t\t\t\t\t<p>Num\u00e9ro d&rsquo;identification TVA : DE245889441<\/p>\t\t\t\t\t\t\t\t<\/div>\n\t\t\t\t<div class=\"elementor-element elementor-element-3b52edb elementor-widget elementor-widget-heading\" data-id=\"3b52edb\" data-element_type=\"widget\" data-e-type=\"widget\" data-widget_type=\"heading.default\">\n\t\t\t\t\t<h2 class=\"elementor-heading-title elementor-size-default\">Autorit\u00e9 de surveillance<\/h2>\t\t\t\t<\/div>\n\t\t\t\t<div class=\"elementor-element elementor-element-059f551 elementor-widget elementor-widget-text-editor\" data-id=\"059f551\" data-element_type=\"widget\" data-e-type=\"widget\" data-widget_type=\"text-editor.default\">\n\t\t\t\t\t\t\t\t\t<p>Gouvernement de Oberbayern<br>Maximilianstra\u00dfe 39, 80538 Munich<\/p>\t\t\t\t\t\t\t\t<\/div>\n\t\t\t\t<\/div>\n\t\t\t\t\t<\/div>\n\t\t\t\t<\/div>\n\t\t<div class=\"elementor-element elementor-element-d537971 e-flex e-con-boxed e-con e-parent\" data-id=\"d537971\" data-element_type=\"container\" data-e-type=\"container\" data-settings=\"{&quot;_is_slider_enabled&quot;:&quot;no&quot;}\">\n\t\t\t\t\t<div class=\"e-con-inner\">\n\t\t<div class=\"elementor-element elementor-element-1164afc e-con-full e-flex e-con e-child\" data-id=\"1164afc\" data-element_type=\"container\" data-e-type=\"container\" data-settings=\"{&quot;_is_slider_enabled&quot;:&quot;no&quot;}\">\n\t\t\t\t<div class=\"elementor-element elementor-element-e42ec84 elementor-widget elementor-widget-heading\" data-id=\"e42ec84\" data-element_type=\"widget\" data-e-type=\"widget\" data-widget_type=\"heading.default\">\n\t\t\t\t\t<h2 class=\"elementor-heading-title elementor-size-default\">Bureau de signalement des d\u00e9nonciations<\/h2>\t\t\t\t<\/div>\n\t\t\t\t<div class=\"elementor-element elementor-element-9920d0d elementor-widget elementor-widget-text-editor\" data-id=\"9920d0d\" data-element_type=\"widget\" data-e-type=\"widget\" data-widget_type=\"text-editor.default\">\n\t\t\t\t\t\t\t\t\t<p>Forme verbale<br>T\u00e9l\u00e9phone : +49 89 (0) 230029-181 ou +49 89 (0) 230029-183<\/p><p>Formulaire \u00e9crit<br>DENK PHARMA GmbH &amp; Co KG, Whistleblower Reporting Office, Prinzregentenstr. 79, 81675 Munich, Allemagne <\/p><p>Courriel : <a href=\"mailto:notice@denkpharma.de\">notice@denkpharma.de<\/a><\/p>\t\t\t\t\t\t\t\t<\/div>\n\t\t\t\t<\/div>\n\t\t<div class=\"elementor-element elementor-element-fef4ed0 e-con-full e-flex e-con e-child\" data-id=\"fef4ed0\" data-element_type=\"container\" data-e-type=\"container\" data-settings=\"{&quot;_is_slider_enabled&quot;:&quot;no&quot;}\">\n\t\t\t\t<div class=\"elementor-element elementor-element-f66bbfd elementor-widget elementor-widget-heading\" data-id=\"f66bbfd\" data-element_type=\"widget\" data-e-type=\"widget\" data-widget_type=\"heading.default\">\n\t\t\t\t\t<h2 class=\"elementor-heading-title elementor-size-default\">Conception et mise en \u0153uvre technique<\/h2>\t\t\t\t<\/div>\n\t\t\t\t<div class=\"elementor-element elementor-element-42dfa34 elementor-widget elementor-widget-text-editor\" data-id=\"42dfa34\" data-element_type=\"widget\" data-e-type=\"widget\" data-widget_type=\"text-editor.default\">\n\t\t\t\t\t\t\t\t\t<p>450 Heartbeats GmbH<br> <a title=\"WordPress Agentur \u00e0 M\u00fcnchen\" href=\"https:\/\/www.450heartbeats.com\/\" target=\"_blank\" rel=\"noopener\">www.450heartbeats.com<\/a><br><br><\/p>\t\t\t\t\t\t\t\t<\/div>\n\t\t\t\t<div class=\"elementor-element elementor-element-ad18670 elementor-widget elementor-widget-heading\" data-id=\"ad18670\" data-element_type=\"widget\" data-e-type=\"widget\" data-widget_type=\"heading.default\">\n\t\t\t\t\t<h2 class=\"elementor-heading-title elementor-size-default\">Plus d'informations<\/h2>\t\t\t\t<\/div>\n\t\t\t\t<div class=\"elementor-element elementor-element-b274561 elementor-widget elementor-widget-text-editor\" data-id=\"b274561\" data-element_type=\"widget\" data-e-type=\"widget\" data-widget_type=\"text-editor.default\">\n\t\t\t\t\t\t\t\t\t<p>Cr\u00e9dits photographiques : Denk Pharma, Adobe Stock, iStock, Shutterstock<\/p>\n<p>Photographie : Oliver Farys<\/p>\t\t\t\t\t\t\t\t<\/div>\n\t\t\t\t<\/div>\n\t\t\t\t\t<\/div>\n\t\t\t\t<\/div>\n\t\t\t\t<\/div>\n\t\t","protected":false},"excerpt":{"rendered":"<p>D\u00e9claration juridique Toutes les informations contenues dans ce site ont \u00e9t\u00e9 soigneusement v\u00e9rifi\u00e9es. Denk Pharma s&rsquo;efforce en permanence de mettre \u00e0 jour et d&rsquo;\u00e9largir les informations fournies sous forme num\u00e9rique. Toutefois, aucune garantie ne peut \u00eatre donn\u00e9e quant \u00e0 l&rsquo;exactitude, l&rsquo;exhaustivit\u00e9 et l&rsquo;actualit\u00e9 du contenu fourni. Ces mentions l\u00e9gales s&rsquo;appliquent \u00e9galement aux profils de Denk [&hellip;]<\/p>\n","protected":false},"author":1,"featured_media":0,"parent":0,"menu_order":0,"comment_status":"closed","ping_status":"closed","template":"","meta":{"footnotes":""},"class_list":["post-10492","page","type-page","status-publish","hentry"],"yoast_head":"<!-- This site is optimized with the Yoast SEO Premium plugin v27.2 (Yoast SEO v27.2) - https:\/\/yoast.com\/product\/yoast-seo-premium-wordpress\/ -->\n<title>D\u00e9claration juridique &#8212; DENK PHARMA GmbH &amp; Co. KG<\/title>\n<meta name=\"description\" content=\"Our products are available in more than 80 countries worldwide, providing patients with the same premium quality as in German pharmacies.\" \/>\n<meta name=\"robots\" content=\"index, follow, max-snippet:-1, max-image-preview:large, max-video-preview:-1\" \/>\n<link rel=\"canonical\" href=\"https:\/\/www.denkpharma.com\/fr\/declaration-juridique\/\" \/>\n<meta property=\"og:locale\" content=\"fr_FR\" \/>\n<meta property=\"og:type\" content=\"article\" \/>\n<meta property=\"og:title\" content=\"D\u00e9claration juridique &#8212; DENK PHARMA GmbH &amp; Co. KG\" \/>\n<meta property=\"og:description\" content=\"DENK PHARMA GmbH &amp; Co. KG\" \/>\n<meta property=\"og:url\" content=\"https:\/\/www.denkpharma.com\/fr\/declaration-juridique\/\" \/>\n<meta property=\"og:site_name\" content=\"DENK PHARMA GmbH &amp; Co. KG\" \/>\n<meta property=\"article:publisher\" content=\"https:\/\/www.facebook.com\/DenkPharma\/\" \/>\n<meta property=\"article:modified_time\" content=\"2026-04-23T06:31:10+00:00\" \/>\n<meta property=\"og:image\" content=\"https:\/\/www.denkpharma.com\/wp-content\/uploads\/2024\/10\/denk_pharma_bg.jpg\" \/>\n\t<meta property=\"og:image:width\" content=\"1200\" \/>\n\t<meta property=\"og:image:height\" content=\"675\" \/>\n\t<meta property=\"og:image:type\" content=\"image\/jpeg\" \/>\n<meta name=\"twitter:card\" content=\"summary_large_image\" \/>\n<meta name=\"twitter:label1\" content=\"Dur\u00e9e de lecture estim\u00e9e\" \/>\n\t<meta name=\"twitter:data1\" content=\"2 minutes\" \/>\n<script type=\"application\/ld+json\" class=\"yoast-schema-graph\">{\"@context\":\"https:\/\/schema.org\",\"@graph\":[{\"@type\":\"WebPage\",\"@id\":\"https:\/\/www.denkpharma.com\/fr\/declaration-juridique\/\",\"url\":\"https:\/\/www.denkpharma.com\/fr\/declaration-juridique\/\",\"name\":\"D\u00e9claration juridique &#8212; DENK PHARMA GmbH &amp; Co. KG\",\"isPartOf\":{\"@id\":\"https:\/\/www.denkpharma.com\/fr\/#website\"},\"datePublished\":\"2024-05-28T15:10:26+00:00\",\"dateModified\":\"2026-04-23T06:31:10+00:00\",\"description\":\"Our products are available in more than 80 countries worldwide, providing patients with the same premium quality as in German pharmacies.\",\"breadcrumb\":{\"@id\":\"https:\/\/www.denkpharma.com\/fr\/declaration-juridique\/#breadcrumb\"},\"inLanguage\":\"fr-FR\",\"potentialAction\":[{\"@type\":\"ReadAction\",\"target\":[\"https:\/\/www.denkpharma.com\/fr\/declaration-juridique\/\"]}]},{\"@type\":\"BreadcrumbList\",\"@id\":\"https:\/\/www.denkpharma.com\/fr\/declaration-juridique\/#breadcrumb\",\"itemListElement\":[{\"@type\":\"ListItem\",\"position\":1,\"name\":\"Home\",\"item\":\"https:\/\/www.denkpharma.com\/fr\/\"},{\"@type\":\"ListItem\",\"position\":2,\"name\":\"D\u00e9claration juridique\"}]},{\"@type\":\"WebSite\",\"@id\":\"https:\/\/www.denkpharma.com\/fr\/#website\",\"url\":\"https:\/\/www.denkpharma.com\/fr\/\",\"name\":\"DENK PHARMA GmbH & Co. KG\",\"description\":\"We Create Access to Healing since 1948\",\"publisher\":{\"@id\":\"https:\/\/www.denkpharma.com\/fr\/#organization\"},\"alternateName\":\"Denk Pharma\",\"potentialAction\":[{\"@type\":\"SearchAction\",\"target\":{\"@type\":\"EntryPoint\",\"urlTemplate\":\"https:\/\/www.denkpharma.com\/fr\/?s={search_term_string}\"},\"query-input\":{\"@type\":\"PropertyValueSpecification\",\"valueRequired\":true,\"valueName\":\"search_term_string\"}}],\"inLanguage\":\"fr-FR\"},{\"@type\":\"Organization\",\"@id\":\"https:\/\/www.denkpharma.com\/fr\/#organization\",\"name\":\"DENK PHARMA GmbH & Co. KG\",\"url\":\"https:\/\/www.denkpharma.com\/fr\/\",\"logo\":{\"@type\":\"ImageObject\",\"inLanguage\":\"fr-FR\",\"@id\":\"https:\/\/www.denkpharma.com\/fr\/#\/schema\/logo\/image\/\",\"url\":\"https:\/\/www.denkpharma.com\/wp-content\/uploads\/2024\/10\/denk_pharma_logo.png\",\"contentUrl\":\"https:\/\/www.denkpharma.com\/wp-content\/uploads\/2024\/10\/denk_pharma_logo.png\",\"width\":696,\"height\":696,\"caption\":\"DENK PHARMA GmbH & Co. KG\"},\"image\":{\"@id\":\"https:\/\/www.denkpharma.com\/fr\/#\/schema\/logo\/image\/\"},\"sameAs\":[\"https:\/\/www.facebook.com\/DenkPharma\/\",\"https:\/\/de.linkedin.com\/company\/denkpharma\",\"https:\/\/www.instagram.com\/denk_pharma_germany\/\"],\"description\":\"Denk Pharma is an owner-managed and worldwide acting pharmaceutical company based in Munich. We are working in more than 80 countries to ensure access to healing.\",\"email\":\"pharma@denkpharma.de\",\"telephone\":\"+ 49 (0)89 23 00 29-0\",\"legalName\":\"DENK PHARMA GmbH & Co. KG\",\"foundingDate\":\"1948-08-01\",\"vatID\":\"DE245889441\",\"numberOfEmployees\":{\"@type\":\"QuantitativeValue\",\"minValue\":\"51\",\"maxValue\":\"200\"},\"publishingPrinciples\":\"https:\/\/www.denkpharma.com\/es\/empresa\/lo-que-nos-mueve\/\",\"ownershipFundingInfo\":\"https:\/\/www.denkpharma.com\/company\/who-we-are\/\",\"actionableFeedbackPolicy\":\"https:\/\/www.denkpharma.com\/contact\/\",\"correctionsPolicy\":\"https:\/\/www.denkpharma.com\/imprint\/\",\"ethicsPolicy\":\"https:\/\/www.denkpharma.com\/company\/social-commitment\/\"}]}<\/script>\n<!-- \/ Yoast SEO Premium plugin. -->","yoast_head_json":{"title":"D\u00e9claration juridique &#8212; DENK PHARMA GmbH &amp; Co. KG","description":"Our products are available in more than 80 countries worldwide, providing patients with the same premium quality as in German pharmacies.","robots":{"index":"index","follow":"follow","max-snippet":"max-snippet:-1","max-image-preview":"max-image-preview:large","max-video-preview":"max-video-preview:-1"},"canonical":"https:\/\/www.denkpharma.com\/fr\/declaration-juridique\/","og_locale":"fr_FR","og_type":"article","og_title":"D\u00e9claration juridique &#8212; DENK PHARMA GmbH &amp; Co. KG","og_description":"DENK PHARMA GmbH &amp; Co. KG","og_url":"https:\/\/www.denkpharma.com\/fr\/declaration-juridique\/","og_site_name":"DENK PHARMA GmbH &amp; Co. KG","article_publisher":"https:\/\/www.facebook.com\/DenkPharma\/","article_modified_time":"2026-04-23T06:31:10+00:00","og_image":[{"width":1200,"height":675,"url":"https:\/\/www.denkpharma.com\/wp-content\/uploads\/2024\/10\/denk_pharma_bg.jpg","type":"image\/jpeg"}],"twitter_card":"summary_large_image","twitter_misc":{"Dur\u00e9e de lecture estim\u00e9e":"2 minutes"},"schema":{"@context":"https:\/\/schema.org","@graph":[{"@type":"WebPage","@id":"https:\/\/www.denkpharma.com\/fr\/declaration-juridique\/","url":"https:\/\/www.denkpharma.com\/fr\/declaration-juridique\/","name":"D\u00e9claration juridique &#8212; DENK PHARMA GmbH &amp; Co. KG","isPartOf":{"@id":"https:\/\/www.denkpharma.com\/fr\/#website"},"datePublished":"2024-05-28T15:10:26+00:00","dateModified":"2026-04-23T06:31:10+00:00","description":"Our products are available in more than 80 countries worldwide, providing patients with the same premium quality as in German pharmacies.","breadcrumb":{"@id":"https:\/\/www.denkpharma.com\/fr\/declaration-juridique\/#breadcrumb"},"inLanguage":"fr-FR","potentialAction":[{"@type":"ReadAction","target":["https:\/\/www.denkpharma.com\/fr\/declaration-juridique\/"]}]},{"@type":"BreadcrumbList","@id":"https:\/\/www.denkpharma.com\/fr\/declaration-juridique\/#breadcrumb","itemListElement":[{"@type":"ListItem","position":1,"name":"Home","item":"https:\/\/www.denkpharma.com\/fr\/"},{"@type":"ListItem","position":2,"name":"D\u00e9claration juridique"}]},{"@type":"WebSite","@id":"https:\/\/www.denkpharma.com\/fr\/#website","url":"https:\/\/www.denkpharma.com\/fr\/","name":"DENK PHARMA GmbH & Co. KG","description":"We Create Access to Healing since 1948","publisher":{"@id":"https:\/\/www.denkpharma.com\/fr\/#organization"},"alternateName":"Denk Pharma","potentialAction":[{"@type":"SearchAction","target":{"@type":"EntryPoint","urlTemplate":"https:\/\/www.denkpharma.com\/fr\/?s={search_term_string}"},"query-input":{"@type":"PropertyValueSpecification","valueRequired":true,"valueName":"search_term_string"}}],"inLanguage":"fr-FR"},{"@type":"Organization","@id":"https:\/\/www.denkpharma.com\/fr\/#organization","name":"DENK PHARMA GmbH & Co. KG","url":"https:\/\/www.denkpharma.com\/fr\/","logo":{"@type":"ImageObject","inLanguage":"fr-FR","@id":"https:\/\/www.denkpharma.com\/fr\/#\/schema\/logo\/image\/","url":"https:\/\/www.denkpharma.com\/wp-content\/uploads\/2024\/10\/denk_pharma_logo.png","contentUrl":"https:\/\/www.denkpharma.com\/wp-content\/uploads\/2024\/10\/denk_pharma_logo.png","width":696,"height":696,"caption":"DENK PHARMA GmbH & Co. KG"},"image":{"@id":"https:\/\/www.denkpharma.com\/fr\/#\/schema\/logo\/image\/"},"sameAs":["https:\/\/www.facebook.com\/DenkPharma\/","https:\/\/de.linkedin.com\/company\/denkpharma","https:\/\/www.instagram.com\/denk_pharma_germany\/"],"description":"Denk Pharma is an owner-managed and worldwide acting pharmaceutical company based in Munich. We are working in more than 80 countries to ensure access to healing.","email":"pharma@denkpharma.de","telephone":"+ 49 (0)89 23 00 29-0","legalName":"DENK PHARMA GmbH & Co. KG","foundingDate":"1948-08-01","vatID":"DE245889441","numberOfEmployees":{"@type":"QuantitativeValue","minValue":"51","maxValue":"200"},"publishingPrinciples":"https:\/\/www.denkpharma.com\/es\/empresa\/lo-que-nos-mueve\/","ownershipFundingInfo":"https:\/\/www.denkpharma.com\/company\/who-we-are\/","actionableFeedbackPolicy":"https:\/\/www.denkpharma.com\/contact\/","correctionsPolicy":"https:\/\/www.denkpharma.com\/imprint\/","ethicsPolicy":"https:\/\/www.denkpharma.com\/company\/social-commitment\/"}]}},"acf":[],"_links":{"self":[{"href":"https:\/\/www.denkpharma.com\/fr\/wp-json\/wp\/v2\/pages\/10492","targetHints":{"allow":["GET"]}}],"collection":[{"href":"https:\/\/www.denkpharma.com\/fr\/wp-json\/wp\/v2\/pages"}],"about":[{"href":"https:\/\/www.denkpharma.com\/fr\/wp-json\/wp\/v2\/types\/page"}],"author":[{"embeddable":true,"href":"https:\/\/www.denkpharma.com\/fr\/wp-json\/wp\/v2\/users\/1"}],"replies":[{"embeddable":true,"href":"https:\/\/www.denkpharma.com\/fr\/wp-json\/wp\/v2\/comments?post=10492"}],"version-history":[{"count":5,"href":"https:\/\/www.denkpharma.com\/fr\/wp-json\/wp\/v2\/pages\/10492\/revisions"}],"predecessor-version":[{"id":28990,"href":"https:\/\/www.denkpharma.com\/fr\/wp-json\/wp\/v2\/pages\/10492\/revisions\/28990"}],"wp:attachment":[{"href":"https:\/\/www.denkpharma.com\/fr\/wp-json\/wp\/v2\/media?parent=10492"}],"curies":[{"name":"wp","href":"https:\/\/api.w.org\/{rel}","templated":true}]}}